{"id":154,"date":"2022-06-19T16:13:16","date_gmt":"2022-06-19T16:13:16","guid":{"rendered":"https:\/\/www.kborotterdam.nl\/index.php\/contacten\/"},"modified":"2025-09-29T08:59:35","modified_gmt":"2025-09-29T08:59:35","slug":"contacten","status":"publish","type":"page","link":"https:\/\/www.kborotterdam.nl\/index.php\/contacten\/","title":{"rendered":"Contacten"},"content":{"rendered":"\n    \n    <section class=\"u-clearfix u-section-2\" id=\"sec-40f3\">\n      <div class=\"u-clearfix u-sheet u-sheet-1\">\n        <img decoding=\"async\" class=\"u-align-center u-image u-image-default u-preserve-proportions u-image-1\" src=\"https:\/\/www.kborotterdam.nl\/wp-content\/uploads\/2022\/06\/contact-2.jpg\" alt=\"\" data-image-width=\"236\" data-image-height=\"213\">\n        <h2 class=\"u-text u-text-default u-text-1\">Contacten<\/h2>\n        <p class=\"u-align-center u-text u-text-default u-text-2\">We hebben alle contacten in een duidelijk overzicht gezet. Wij zijn altijd te bereiken via e-mail adres <br>info@kborotterdam.nl <br>Heeft u meer specifieke vragen aan \u00e9\u00e9n van onze bestuursleden dan kunt u \u00e9\u00e9n van de onderstaande e-mail adressen<br>gebruiken.<br>\n          <br>Voorzitter:<br>S. Krijgsman<br>e-mail: <a href=\"mailto:voorzitter@kbo-rotterdam.nl\" class=\"u-active-none u-border-none u-btn u-button-link u-button-style u-hover-none u-none u-text-palette-1-base u-btn-1\">voorzitter@kborotterdam.nl<\/a>&nbsp;of a.krijgsman95@upcmail.nl<br>\n          <br>Secretaris:<br>C. Harkema<br>e-mail:&nbsp;<br>\n          <br>Penningmeester:<br>P. Kranenburg<br>e-mail: <a href=\"mailto:penningmeester@kbo-rotterdam.nl\" class=\"u-active-none u-border-none u-btn u-button-link u-button-style u-hover-none u-none u-text-palette-1-base u-btn-2\">penningmeester@kborotterdam.nl<\/a>\n          <br>\n          <br>Heeft u een vraag over uw lidmaatschap dan kunt u die stellen aan: <br>&nbsp;Mw. P. Kranenburg<br> e-mail: <a href=\"mailto:ledenadministratie@kborotterdam.nl\" class=\"u-active-none u-border-none u-btn u-button-style u-hover-none u-none u-text-palette-1-base u-btn-3\">ledenadministratie@kborotterdam.nl<\/a>\n          <br>&nbsp;<br>\n          <br><span style=\"font-weight: 700;\">website KBO Zuid Holland:<\/span>\n          <br>\n          <a href=\"http:\/\/www.kbozuidholland.nl\/\" class=\"u-active-none u-border-none u-btn u-button-style u-hover-none u-none u-text-palette-1-base u-btn-4\">http:\/\/www.kbozuidholland.nl\/<\/a>\n          <br>\n        <\/p>\n      <\/div>\n    <\/section>\n    \n    \n    \n  \n","protected":false},"excerpt":{"rendered":"<p>Contacten We hebben alle contacten in een duidelijk overzicht gezet. Wij zijn altijd te bereiken via e-mail adres info@kborotterdam.nl Heeft u meer specifieke vragen aan \u00e9\u00e9n van onze bestuursleden dan kunt u \u00e9\u00e9n van de onderstaande e-mail adressengebruiken. Voorzitter:S. Krijgsmane-mail: voorzitter@kborotterdam.nl&nbsp;of a.krijgsman95@upcmail.nl Secretaris:C. Harkemae-mail:&nbsp; Penningmeester:P. Kranenburge-mail: penningmeester@kborotterdam.nl Heeft u een vraag over uw lidmaatschap dan &hellip; <a href=\"https:\/\/www.kborotterdam.nl\/index.php\/contacten\/\" class=\"more-link\">Continue reading<span class=\"screen-reader-text\"> &#8220;Contacten&#8221;<\/span><\/a><\/p>\n","protected":false},"author":1,"featured_media":0,"parent":0,"menu_order":5,"comment_status":"closed","ping_status":"closed","template":"","meta":{"footnotes":""},"class_list":["post-154","page","type-page","status-publish","hentry"],"yoast_head":"<!-- This site is optimized with the Yoast SEO plugin v27.3 - https:\/\/yoast.com\/product\/yoast-seo-wordpress\/ -->\n<title>Contacten - KBO Rotterdam<\/title>\n<meta name=\"robots\" content=\"index, follow, max-snippet:-1, max-image-preview:large, max-video-preview:-1\" \/>\n<link rel=\"canonical\" href=\"https:\/\/www.kborotterdam.nl\/index.php\/contacten\/\" \/>\n<meta property=\"og:locale\" content=\"nl_NL\" \/>\n<meta property=\"og:type\" content=\"article\" \/>\n<meta property=\"og:title\" content=\"Contacten - KBO Rotterdam\" \/>\n<meta property=\"og:description\" content=\"Contacten We hebben alle contacten in een duidelijk overzicht gezet. Wij zijn altijd te bereiken via e-mail adres info@kborotterdam.nl Heeft u meer specifieke vragen aan \u00e9\u00e9n van onze bestuursleden dan kunt u \u00e9\u00e9n van de onderstaande e-mail adressengebruiken. Voorzitter:S. Krijgsmane-mail: voorzitter@kborotterdam.nl&nbsp;of a.krijgsman95@upcmail.nl Secretaris:C. Harkemae-mail:&nbsp; Penningmeester:P. Kranenburge-mail: penningmeester@kborotterdam.nl Heeft u een vraag over uw lidmaatschap dan &hellip; Continue reading &quot;Contacten&quot;\" \/>\n<meta property=\"og:url\" content=\"https:\/\/www.kborotterdam.nl\/index.php\/contacten\/\" \/>\n<meta property=\"og:site_name\" content=\"KBO Rotterdam\" \/>\n<meta property=\"article:modified_time\" content=\"2025-09-29T08:59:35+00:00\" \/>\n<meta name=\"twitter:card\" content=\"summary_large_image\" \/>\n<script type=\"application\/ld+json\" class=\"yoast-schema-graph\">{\"@context\":\"https:\\\/\\\/schema.org\",\"@graph\":[{\"@type\":\"WebPage\",\"@id\":\"https:\\\/\\\/www.kborotterdam.nl\\\/index.php\\\/contacten\\\/\",\"url\":\"https:\\\/\\\/www.kborotterdam.nl\\\/index.php\\\/contacten\\\/\",\"name\":\"Contacten - KBO Rotterdam\",\"isPartOf\":{\"@id\":\"https:\\\/\\\/www.kborotterdam.nl\\\/#website\"},\"datePublished\":\"2022-06-19T16:13:16+00:00\",\"dateModified\":\"2025-09-29T08:59:35+00:00\",\"breadcrumb\":{\"@id\":\"https:\\\/\\\/www.kborotterdam.nl\\\/index.php\\\/contacten\\\/#breadcrumb\"},\"inLanguage\":\"nl-NL\",\"potentialAction\":[{\"@type\":\"ReadAction\",\"target\":[\"https:\\\/\\\/www.kborotterdam.nl\\\/index.php\\\/contacten\\\/\"]}]},{\"@type\":\"BreadcrumbList\",\"@id\":\"https:\\\/\\\/www.kborotterdam.nl\\\/index.php\\\/contacten\\\/#breadcrumb\",\"itemListElement\":[{\"@type\":\"ListItem\",\"position\":1,\"name\":\"Home\",\"item\":\"https:\\\/\\\/www.kborotterdam.nl\\\/\"},{\"@type\":\"ListItem\",\"position\":2,\"name\":\"Contacten\"}]},{\"@type\":\"WebSite\",\"@id\":\"https:\\\/\\\/www.kborotterdam.nl\\\/#website\",\"url\":\"https:\\\/\\\/www.kborotterdam.nl\\\/\",\"name\":\"KBO Rotterdam\",\"description\":\"Bond van en voor Rotterdamse ouderen\",\"publisher\":{\"@id\":\"https:\\\/\\\/www.kborotterdam.nl\\\/#organization\"},\"potentialAction\":[{\"@type\":\"SearchAction\",\"target\":{\"@type\":\"EntryPoint\",\"urlTemplate\":\"https:\\\/\\\/www.kborotterdam.nl\\\/?s={search_term_string}\"},\"query-input\":{\"@type\":\"PropertyValueSpecification\",\"valueRequired\":true,\"valueName\":\"search_term_string\"}}],\"inLanguage\":\"nl-NL\"},{\"@type\":\"Organization\",\"@id\":\"https:\\\/\\\/www.kborotterdam.nl\\\/#organization\",\"name\":\"KBO Rotterdam\",\"url\":\"https:\\\/\\\/www.kborotterdam.nl\\\/\",\"logo\":{\"@type\":\"ImageObject\",\"inLanguage\":\"nl-NL\",\"@id\":\"https:\\\/\\\/www.kborotterdam.nl\\\/#\\\/schema\\\/logo\\\/image\\\/\",\"url\":\"https:\\\/\\\/www.kborotterdam.nl\\\/wp-content\\\/uploads\\\/2022\\\/06\\\/logo-kbo.png\",\"contentUrl\":\"https:\\\/\\\/www.kborotterdam.nl\\\/wp-content\\\/uploads\\\/2022\\\/06\\\/logo-kbo.png\",\"width\":850,\"height\":1031,\"caption\":\"KBO Rotterdam\"},\"image\":{\"@id\":\"https:\\\/\\\/www.kborotterdam.nl\\\/#\\\/schema\\\/logo\\\/image\\\/\"}}]}<\/script>\n<!-- \/ Yoast SEO plugin. -->","yoast_head_json":{"title":"Contacten - KBO Rotterdam","robots":{"index":"index","follow":"follow","max-snippet":"max-snippet:-1","max-image-preview":"max-image-preview:large","max-video-preview":"max-video-preview:-1"},"canonical":"https:\/\/www.kborotterdam.nl\/index.php\/contacten\/","og_locale":"nl_NL","og_type":"article","og_title":"Contacten - KBO Rotterdam","og_description":"Contacten We hebben alle contacten in een duidelijk overzicht gezet. Wij zijn altijd te bereiken via e-mail adres info@kborotterdam.nl Heeft u meer specifieke vragen aan \u00e9\u00e9n van onze bestuursleden dan kunt u \u00e9\u00e9n van de onderstaande e-mail adressengebruiken. Voorzitter:S. Krijgsmane-mail: voorzitter@kborotterdam.nl&nbsp;of a.krijgsman95@upcmail.nl Secretaris:C. Harkemae-mail:&nbsp; Penningmeester:P. Kranenburge-mail: penningmeester@kborotterdam.nl Heeft u een vraag over uw lidmaatschap dan &hellip; Continue reading \"Contacten\"","og_url":"https:\/\/www.kborotterdam.nl\/index.php\/contacten\/","og_site_name":"KBO Rotterdam","article_modified_time":"2025-09-29T08:59:35+00:00","twitter_card":"summary_large_image","schema":{"@context":"https:\/\/schema.org","@graph":[{"@type":"WebPage","@id":"https:\/\/www.kborotterdam.nl\/index.php\/contacten\/","url":"https:\/\/www.kborotterdam.nl\/index.php\/contacten\/","name":"Contacten - KBO Rotterdam","isPartOf":{"@id":"https:\/\/www.kborotterdam.nl\/#website"},"datePublished":"2022-06-19T16:13:16+00:00","dateModified":"2025-09-29T08:59:35+00:00","breadcrumb":{"@id":"https:\/\/www.kborotterdam.nl\/index.php\/contacten\/#breadcrumb"},"inLanguage":"nl-NL","potentialAction":[{"@type":"ReadAction","target":["https:\/\/www.kborotterdam.nl\/index.php\/contacten\/"]}]},{"@type":"BreadcrumbList","@id":"https:\/\/www.kborotterdam.nl\/index.php\/contacten\/#breadcrumb","itemListElement":[{"@type":"ListItem","position":1,"name":"Home","item":"https:\/\/www.kborotterdam.nl\/"},{"@type":"ListItem","position":2,"name":"Contacten"}]},{"@type":"WebSite","@id":"https:\/\/www.kborotterdam.nl\/#website","url":"https:\/\/www.kborotterdam.nl\/","name":"KBO Rotterdam","description":"Bond van en voor Rotterdamse ouderen","publisher":{"@id":"https:\/\/www.kborotterdam.nl\/#organization"},"potentialAction":[{"@type":"SearchAction","target":{"@type":"EntryPoint","urlTemplate":"https:\/\/www.kborotterdam.nl\/?s={search_term_string}"},"query-input":{"@type":"PropertyValueSpecification","valueRequired":true,"valueName":"search_term_string"}}],"inLanguage":"nl-NL"},{"@type":"Organization","@id":"https:\/\/www.kborotterdam.nl\/#organization","name":"KBO Rotterdam","url":"https:\/\/www.kborotterdam.nl\/","logo":{"@type":"ImageObject","inLanguage":"nl-NL","@id":"https:\/\/www.kborotterdam.nl\/#\/schema\/logo\/image\/","url":"https:\/\/www.kborotterdam.nl\/wp-content\/uploads\/2022\/06\/logo-kbo.png","contentUrl":"https:\/\/www.kborotterdam.nl\/wp-content\/uploads\/2022\/06\/logo-kbo.png","width":850,"height":1031,"caption":"KBO Rotterdam"},"image":{"@id":"https:\/\/www.kborotterdam.nl\/#\/schema\/logo\/image\/"}}]}},"_links":{"self":[{"href":"https:\/\/www.kborotterdam.nl\/index.php\/wp-json\/wp\/v2\/pages\/154","targetHints":{"allow":["GET"]}}],"collection":[{"href":"https:\/\/www.kborotterdam.nl\/index.php\/wp-json\/wp\/v2\/pages"}],"about":[{"href":"https:\/\/www.kborotterdam.nl\/index.php\/wp-json\/wp\/v2\/types\/page"}],"author":[{"embeddable":true,"href":"https:\/\/www.kborotterdam.nl\/index.php\/wp-json\/wp\/v2\/users\/1"}],"replies":[{"embeddable":true,"href":"https:\/\/www.kborotterdam.nl\/index.php\/wp-json\/wp\/v2\/comments?post=154"}],"version-history":[{"count":7,"href":"https:\/\/www.kborotterdam.nl\/index.php\/wp-json\/wp\/v2\/pages\/154\/revisions"}],"predecessor-version":[{"id":712,"href":"https:\/\/www.kborotterdam.nl\/index.php\/wp-json\/wp\/v2\/pages\/154\/revisions\/712"}],"wp:attachment":[{"href":"https:\/\/www.kborotterdam.nl\/index.php\/wp-json\/wp\/v2\/media?parent=154"}],"curies":[{"name":"wp","href":"https:\/\/api.w.org\/{rel}","templated":true}]}}